{"id":1342,"date":"2021-03-12T09:55:07","date_gmt":"2021-03-12T09:55:07","guid":{"rendered":"http:\/\/mecafilter.accessapp.tn\/?page_id=1342"},"modified":"2023-03-30T09:43:07","modified_gmt":"2023-03-30T09:43:07","slug":"le-groupe","status":"publish","type":"page","link":"https:\/\/www.mecafilter.com\/es\/le-groupe\/","title":{"rendered":"BIOGRAF\u00cdA"},"content":{"rendered":"<p>Es la historia de una empresa tunecina de filtros que consigui\u00f3 en pocos a\u00f1os incorporarse e imponerse en los distintos mercados de filtraci\u00f3n para todo tipo de veh\u00edculo motor. <\/p>\n<p>La empresa es una compa\u00f1\u00eda familiar constituida en 1979 y con sede central en Jdeida, cerca de la capital. La f\u00e1brica empez\u00f3 con la fabricaci\u00f3n de los filtros dirigidos al sector del recambio autom\u00f3vil tunecino para luego alcanzar el mediterr\u00e1neo y proponer sus productos a sus clientes en Europa.<\/p>\n<div class=\"row\">\n<div class=\"col-md-6\">\n<img decoding=\"async\" src=\"https:\/\/www.mecafilter.com\/wp-content\/uploads\/2021\/06\/1.png\" alt=\"histoire\" style=\"max-height:304px\" \/>\n<\/div>\n<div class=\"col-md-6\">\n<img decoding=\"async\" src=\"https:\/\/www.mecafilter.com\/wp-content\/uploads\/2021\/06\/2-1.jpg\" alt=\"histoire1\" \/>\n<\/div>\n<\/div>\n<p><\/p>","protected":false},"excerpt":{"rendered":"<p>Es la historia de una empresa tunecina de filtros que consigui\u00f3 en pocos a\u00f1os incorporarse e imponerse en los distintos mercados de filtraci\u00f3n para todo tipo de veh\u00edculo motor. La empresa es una compa\u00f1\u00eda familiar constituida en 1979 y con sede central en Jdeida, cerca de la capital. La f\u00e1brica empez\u00f3 con la fabricaci\u00f3n de [&hellip;]<\/p>\n","protected":false},"author":8,"featured_media":1352,"parent":0,"menu_order":0,"comment_status":"closed","ping_status":"closed","template":"groupe.php","meta":{"_acf_changed":false,"inline_featured_image":false,"footnotes":""},"acf":[],"_links":{"self":[{"href":"https:\/\/www.mecafilter.com\/es\/wp-json\/wp\/v2\/pages\/1342"}],"collection":[{"href":"https:\/\/www.mecafilter.com\/es\/wp-json\/wp\/v2\/pages"}],"about":[{"href":"https:\/\/www.mecafilter.com\/es\/wp-json\/wp\/v2\/types\/page"}],"author":[{"embeddable":true,"href":"https:\/\/www.mecafilter.com\/es\/wp-json\/wp\/v2\/users\/8"}],"replies":[{"embeddable":true,"href":"https:\/\/www.mecafilter.com\/es\/wp-json\/wp\/v2\/comments?post=1342"}],"version-history":[{"count":11,"href":"https:\/\/www.mecafilter.com\/es\/wp-json\/wp\/v2\/pages\/1342\/revisions"}],"predecessor-version":[{"id":2296,"href":"https:\/\/www.mecafilter.com\/es\/wp-json\/wp\/v2\/pages\/1342\/revisions\/2296"}],"wp:featuredmedia":[{"embeddable":true,"href":"https:\/\/www.mecafilter.com\/es\/wp-json\/wp\/v2\/media\/1352"}],"wp:attachment":[{"href":"https:\/\/www.mecafilter.com\/es\/wp-json\/wp\/v2\/media?parent=1342"}],"curies":[{"name":"wp","href":"https:\/\/api.w.org\/{rel}","templated":true}]}}